{"id":2512,"date":"2023-04-24T04:44:41","date_gmt":"2023-04-24T04:44:41","guid":{"rendered":"https:\/\/cozystay.loftocean.com\/mountain-hotel\/?page_id=13"},"modified":"2024-10-18T10:56:34","modified_gmt":"2024-10-18T10:56:34","slug":"contact","status":"publish","type":"page","link":"https:\/\/skischuleschlosskopflech.at\/de\/contact\/","title":{"rendered":"Contact"},"content":{"rendered":"<div data-elementor-type=\"wp-page\" data-elementor-id=\"2512\" class=\"elementor elementor-2512\">\n\t\t\t\t\t\t<section class=\"elementor-section elementor-top-section elementor-element elementor-element-3721c029 elementor-section-height-min-height cs-section-content-fullwidth cs-parallax-on-scroll cs_scroll_y_80 elementor-section-boxed elementor-section-height-default elementor-section-items-middle\" data-id=\"3721c029\" data-element_type=\"section\" data-e-type=\"section\" data-settings=\"{&quot;background_background&quot;:&quot;classic&quot;}\" data-cs-parallax-y=\"80\" style=\"background-image: none;\" data-cs-background-image=\"https:\/\/h2w.4c9.myftpupload.com\/wp-content\/uploads\/2024\/10\/Landschaft_-1-scaled.jpg\">\n\t\t\t\t\t\t\t<div class=\"elementor-background-overlay\"><\/div>\n\t\t\t\t\t\t\t<div class=\"elementor-container elementor-column-gap-no\">\n\t\t\t\t\t<div class=\"elementor-column elementor-col-100 elementor-top-column elementor-element elementor-element-1dd27aea dark-color\" data-id=\"1dd27aea\" data-element_type=\"column\" data-e-type=\"column\">\n\t\t\t<div class=\"elementor-widget-wrap elementor-element-populated\">\n\t\t\t\t\t\t<div class=\"elementor-element elementor-element-510107fc elementor-widget elementor-widget-cs_title\" data-id=\"510107fc\" data-element_type=\"widget\" data-e-type=\"widget\" data-widget_type=\"cs_title.default\">\n\t\t\t\t<div class=\"elementor-widget-container\">\n\t\t\t\t\t\n        <div class=\"cs-title-wrap text-center\">\t            <h1 class=\"cs-title\">\n\t                Kontakt\t            <\/h1>\t            <div class=\"cs-title-text\">\n\t                <p>F\u00fcr Buchungen und Fragen rufen Sie uns bitte an oder schreiben Sie uns.<\/p>\t            <\/div>        <\/div>\t\t\t\t<\/div>\n\t\t\t\t<\/div>\n\t\t\t\t\t<\/div>\n\t\t<\/div>\n\t\t\t\t\t<\/div>\n\t\t<\/section>\n\t\t<div class=\"elementor-element elementor-element-92f29da e-flex e-con-boxed e-con e-parent\" data-id=\"92f29da\" data-element_type=\"container\" data-e-type=\"container\">\n\t\t\t\t\t<div class=\"e-con-inner\">\n\t\t\t\t<div class=\"elementor-element elementor-element-9611803 elementor-widget elementor-widget-cs_title\" data-id=\"9611803\" data-element_type=\"widget\" data-e-type=\"widget\" data-widget_type=\"cs_title.default\">\n\t\t\t\t<div class=\"elementor-widget-container\">\n\t\t\t\t\t\n        <div class=\"cs-title-wrap text-center\">\t            <h4 class=\"cs-title\">\n\t                Kontakt\n\t            <\/h4>\t            <div class=\"cs-title-text\">\n\t                <p><span style=\"font-weight: 400;\">Wenden Sie sich an die Skischule Schlosskopf Lech und planen Sie Ihren Skiurlaub mit uns.\nUnser Team steht Ihnen mit Rat und Tat zur Seite und sorgt f\u00fcr ein reibungsloses und unvergessliches Wintererlebnis in der Arlbergregion. Egal ob Sie Fragen haben, Hilfe bei der Buchung ben\u00f6tigen oder Ihr Skierlebnis individuell gestalten m\u00f6chten, wir sind f\u00fcr Sie da<\/span><\/p><p><span style=\"font-weight: 400;\">Unsere Mitarbeiterinnen und Mitarbeiter sind bestrebt, Ihnen einen au\u00dfergew\u00f6hnlichen Service und pers\u00f6nliche Betreuung zu bieten. Wir wissen, wie wichtig ein gut geplanter Skiurlaub ist.<\/span><\/p><p><span style=\"font-weight: 400;\">Sie erreichen uns telefonisch, per E-Mail oder \u00fcber unser Online-Kontaktformular. Wir, von der Skischule Schlosskopf Lech, freuen uns schon darauf, Ihnen einzigartige Momente und unvergessliche Erlebnisse rund um den Arlberg zu bereiten.<br \/><br \/><\/span><\/p>\t            <\/div>        <\/div>\t\t\t\t<\/div>\n\t\t\t\t<\/div>\n\t\t\t\t\t<\/div>\n\t\t\t\t<\/div>\n\t\t\t\t<section class=\"elementor-section elementor-top-section elementor-element elementor-element-075d68b elementor-section-boxed elementor-section-height-default elementor-section-height-default elementor-invisible\" data-id=\"075d68b\" data-element_type=\"section\" data-e-type=\"section\" data-settings=\"{&quot;background_background&quot;:&quot;classic&quot;,&quot;animation&quot;:&quot;fadeIn&quot;,&quot;animation_delay&quot;:150}\">\n\t\t\t\t\t\t<div class=\"elementor-container elementor-column-gap-no\">\n\t\t\t\t\t<div class=\"elementor-column elementor-col-50 elementor-top-column elementor-element elementor-element-1a4680f\" data-id=\"1a4680f\" data-element_type=\"column\" data-e-type=\"column\" data-settings=\"{&quot;background_background&quot;:&quot;classic&quot;}\">\n\t\t\t<div class=\"elementor-widget-wrap elementor-element-populated\">\n\t\t\t\t\t\t<div class=\"elementor-element elementor-element-446df4b elementor-widget elementor-widget-spacer\" data-id=\"446df4b\" data-element_type=\"widget\" data-e-type=\"widget\" data-widget_type=\"spacer.default\">\n\t\t\t\t<div class=\"elementor-widget-container\">\n\t\t\t\t\t\t\t<div class=\"elementor-spacer\">\n\t\t\t<div class=\"elementor-spacer-inner\"><\/div>\n\t\t<\/div>\n\t\t\t\t\t\t<\/div>\n\t\t\t\t<\/div>\n\t\t\t\t\t<\/div>\n\t\t<\/div>\n\t\t\t\t<div class=\"elementor-column elementor-col-50 elementor-top-column elementor-element elementor-element-4e0a982\" data-id=\"4e0a982\" data-element_type=\"column\" data-e-type=\"column\" data-settings=\"{&quot;background_background&quot;:&quot;classic&quot;}\">\n\t\t\t<div class=\"elementor-widget-wrap elementor-element-populated\">\n\t\t\t\t\t\t<div class=\"elementor-element elementor-element-8ff0c70 elementor-widget elementor-widget-cs_title\" data-id=\"8ff0c70\" data-element_type=\"widget\" data-e-type=\"widget\" data-widget_type=\"cs_title.default\">\n\t\t\t\t<div class=\"elementor-widget-container\">\n\t\t\t\t\t\n        <div class=\"cs-title-wrap text-center\">\t            <div class=\"cs-subtitle-wrap\"><span class=\"cs-subtitle\">Kontaktieren Sie uns, um weitere Informationen zu erhalten.<\/span><\/div>\t            <h4 class=\"cs-title\">\n\t                Lassen Sie uns ins Gespr\u00e4ch kommen.\t            <\/h4>\t            <div class=\"cs-title-text\">\n\t                <p>Interessiert an einer unserer Dienstleistungen? Kontaktieren Sie uns:\u00a0<\/p>\t            <\/div>        <\/div>\t\t\t\t<\/div>\n\t\t\t\t<\/div>\n\t\t\t\t<div class=\"elementor-element elementor-element-119c77a elementor-widget elementor-widget-cs_form_cf7\" data-id=\"119c77a\" data-element_type=\"widget\" data-e-type=\"widget\" data-widget_type=\"cs_form_cf7.default\">\n\t\t\t\t<div class=\"elementor-widget-container\">\n\t\t\t\t\t            <div class=\"cs-form-cf7 placeholder-normal\">\n                <div class=\"cs-form-cf7-wrap\">\n<div class=\"wpcf7 no-js\" id=\"wpcf7-f68-o1\" lang=\"en-US\" dir=\"ltr\" data-wpcf7-id=\"68\">\n<div class=\"screen-reader-response\"><p role=\"status\" aria-live=\"polite\" aria-atomic=\"true\"><\/p> <ul><\/ul><\/div>\n<form action=\"\/de\/wp-json\/wp\/v2\/pages\/2512#wpcf7-f68-o1\" method=\"post\" class=\"wpcf7-form init\" aria-label=\"Contact form\" novalidate=\"novalidate\" data-status=\"init\" data-trp-original-action=\"\/de\/wp-json\/wp\/v2\/pages\/2512#wpcf7-f68-o1\">\n<fieldset class=\"hidden-fields-container\"><input type=\"hidden\" name=\"_wpcf7\" value=\"68\" \/><input type=\"hidden\" name=\"_wpcf7_version\" value=\"6.1.5\" \/><input type=\"hidden\" name=\"_wpcf7_locale\" value=\"en_US\" \/><input type=\"hidden\" name=\"_wpcf7_unit_tag\" value=\"wpcf7-f68-o1\" \/><input type=\"hidden\" name=\"_wpcf7_container_post\" value=\"0\" \/><input type=\"hidden\" name=\"_wpcf7_posted_data_hash\" value=\"\" \/>\n<\/fieldset>\n<p><label> Name<br \/>\n<span class=\"wpcf7-form-control-wrap\" data-name=\"your-name\"><input size=\"40\" maxlength=\"400\" class=\"wpcf7-form-control wpcf7-text wpcf7-validates-as-required\" autocomplete=\"name\" aria-required=\"true\" aria-invalid=\"false\" value=\"\" type=\"text\" name=\"your-name\" \/><\/span> <\/label>\n<\/p>\n<p><label> Emailadresse<br \/>\n<span class=\"wpcf7-form-control-wrap\" data-name=\"your-email\"><input size=\"40\" maxlength=\"400\" class=\"wpcf7-form-control wpcf7-email wpcf7-validates-as-required wpcf7-text wpcf7-validates-as-email\" autocomplete=\"email\" aria-required=\"true\" aria-invalid=\"false\" value=\"\" type=\"email\" name=\"your-email\" \/><\/span> <\/label>\n<\/p>\n<p><label> Betreff<br \/>\n<span class=\"wpcf7-form-control-wrap\" data-name=\"your-subject\"><input size=\"40\" maxlength=\"400\" class=\"wpcf7-form-control wpcf7-text wpcf7-validates-as-required\" aria-required=\"true\" aria-invalid=\"false\" value=\"\" type=\"text\" name=\"your-subject\" \/><\/span> <\/label>\n<\/p>\n<p><label> Ihre Nachricht (optional)<br \/>\n<span class=\"wpcf7-form-control-wrap\" data-name=\"your-message\"><textarea cols=\"40\" rows=\"10\" maxlength=\"2000\" class=\"wpcf7-form-control wpcf7-textarea\" aria-invalid=\"false\" name=\"your-message\"><\/textarea><\/span> <\/label>\n<\/p>\n<p><input class=\"wpcf7-form-control wpcf7-submit has-spinner\" type=\"submit\" value=\"Absenden\" \/>\n<\/p><p style=\"display: none !important;\" class=\"akismet-fields-container\" data-prefix=\"_wpcf7_ak_\"><label>&#916;<textarea name=\"_wpcf7_ak_hp_textarea\" cols=\"45\" rows=\"8\" maxlength=\"100\"><\/textarea><\/label><input type=\"hidden\" id=\"ak_js_1\" name=\"_wpcf7_ak_js\" value=\"67\"\/><script>document.getElementById( \"ak_js_1\" ).setAttribute( \"value\", ( new Date() ).getTime() );<\/script><\/p><div class=\"wpcf7-response-output\" aria-hidden=\"true\"><\/div>\n<input type=\"hidden\" name=\"trp-form-language\" value=\"de\"\/><\/form>\n<\/div>\n<\/div>\n            <\/div>\t\t\t\t<\/div>\n\t\t\t\t<\/div>\n\t\t\t\t\t<\/div>\n\t\t<\/div>\n\t\t\t\t\t<\/div>\n\t\t<\/section>\n\t\t\t\t<\/div>","protected":false},"excerpt":{"rendered":"<p>Contact Us For bookings and enquiries, please call us or write to us. Contact Us Reach out to Skischule Schlosskopf Lech to plan your ski holiday. Our team is ready to assist you with all your needs, ensuring a seamless and unforgettable winter experience in the Arlberg region. Whether you have questions, need assistance with &#8230;<\/p>","protected":false},"author":1,"featured_media":0,"parent":0,"menu_order":0,"comment_status":"closed","ping_status":"closed","template":"template-wide-content.php","meta":{"_coblocks_attr":"","_coblocks_dimensions":"","_coblocks_responsive_height":"","_coblocks_accordion_ie_support":"","_monsterinsights_skip_tracking":false,"_monsterinsights_sitenote_active":false,"_monsterinsights_sitenote_note":"","_monsterinsights_sitenote_category":0,"cozystay_single_page_hide_site_header":"","cozystay_single_page_site_header_source":"","cozystay_single_page_custom_site_header":"0","cozystay_single_page_custom_sticky_site_header":"0","cozystay_single_page_hide_page_title":"on","cozystay_single_page_header_section_size":"","cozystay_single_page_header_background_color":"","cozystay_single_page_header_background_position_x":"center","cozystay_single_page_header_background_position_y":"center","cozystay_single_page_header_background_size":"cover","cozystay_single_page_header_background_repeat":"off","cozystay_single_page_header_background_scroll":"on","cozystay_single_page_header_text_color":"","cozystay_single_page_header_show_breadcrumb":"","cozystay_single_page_site_footer_hide_main":"","cozystay_single_custom_site_footer_main_source":"","cozystay_single_custom_site_footer_main":"0","cozystay_single_page_site_footer_hide_above":"","cozystay_single_custom_site_footer_above_source":"","cozystay_single_custom_site_footer_above":"0","cozystay_single_page_site_footer_hide_instagram":"","cozystay_single_page_site_footer_hide_bottom":"","cozystay_single_custom_mobile_menu_source":"","cozystay_single_custom_mobile_menu":"0","cozystay_single_custom_mobile_menu_animation":"","cozystay_single_custom_mobile_menu_width":"","cozystay_single_custom_mobile_menu_custom_width":375,"footnotes":""},"class_list":["post-2512","page","type-page","status-publish","hentry"],"yoast_head":"<!-- This site is optimized with the Yoast SEO plugin v27.4 - https:\/\/yoast.com\/product\/yoast-seo-wordpress\/ -->\n<title>Contact - Skischule Schlosskopf Lech<\/title>\n<meta name=\"robots\" content=\"index, follow, max-snippet:-1, max-image-preview:large, max-video-preview:-1\" \/>\n<link rel=\"canonical\" href=\"https:\/\/skischuleschlosskopflech.at\/de\/contact\/\" \/>\n<meta property=\"og:locale\" content=\"de_DE\" \/>\n<meta property=\"og:type\" content=\"article\" \/>\n<meta property=\"og:title\" content=\"Contact - Skischule Schlosskopf Lech\" \/>\n<meta property=\"og:description\" content=\"Contact Us For bookings and enquiries, please call us or write to us. Contact Us Reach out to Skischule Schlosskopf Lech to plan your ski holiday. Our team is ready to assist you with all your needs, ensuring a seamless and unforgettable winter experience in the Arlberg region. Whether you have questions, need assistance with ...\" \/>\n<meta property=\"og:url\" content=\"https:\/\/skischuleschlosskopflech.at\/de\/contact\/\" \/>\n<meta property=\"og:site_name\" content=\"Skischule Schlosskopf Lech\" \/>\n<meta property=\"article:modified_time\" content=\"2024-10-18T10:56:34+00:00\" \/>\n<meta name=\"twitter:card\" content=\"summary_large_image\" \/>\n<meta name=\"twitter:label1\" content=\"Gesch\u00e4tzte Lesezeit\" \/>\n\t<meta name=\"twitter:data1\" content=\"1\u00a0Minute\" \/>\n<script type=\"application\/ld+json\" class=\"yoast-schema-graph\">{\"@context\":\"https:\\\/\\\/schema.org\",\"@graph\":[{\"@type\":\"WebPage\",\"@id\":\"https:\\\/\\\/skischuleschlosskopflech.at\\\/contact\\\/\",\"url\":\"https:\\\/\\\/skischuleschlosskopflech.at\\\/contact\\\/\",\"name\":\"Contact - Skischule Schlosskopf Lech\",\"isPartOf\":{\"@id\":\"https:\\\/\\\/skischuleschlosskopflech.at\\\/#website\"},\"datePublished\":\"2023-04-24T04:44:41+00:00\",\"dateModified\":\"2024-10-18T10:56:34+00:00\",\"breadcrumb\":{\"@id\":\"https:\\\/\\\/skischuleschlosskopflech.at\\\/contact\\\/#breadcrumb\"},\"inLanguage\":\"de\",\"potentialAction\":[{\"@type\":\"ReadAction\",\"target\":[\"https:\\\/\\\/skischuleschlosskopflech.at\\\/contact\\\/\"]}]},{\"@type\":\"BreadcrumbList\",\"@id\":\"https:\\\/\\\/skischuleschlosskopflech.at\\\/contact\\\/#breadcrumb\",\"itemListElement\":[{\"@type\":\"ListItem\",\"position\":1,\"name\":\"Home\",\"item\":\"https:\\\/\\\/skischuleschlosskopflech.at\\\/\"},{\"@type\":\"ListItem\",\"position\":2,\"name\":\"Contact\"}]},{\"@type\":\"WebSite\",\"@id\":\"https:\\\/\\\/skischuleschlosskopflech.at\\\/#website\",\"url\":\"https:\\\/\\\/skischuleschlosskopflech.at\\\/\",\"name\":\"Skischule Schlosskopf Lech\",\"description\":\"\",\"publisher\":{\"@id\":\"https:\\\/\\\/skischuleschlosskopflech.at\\\/#organization\"},\"potentialAction\":[{\"@type\":\"SearchAction\",\"target\":{\"@type\":\"EntryPoint\",\"urlTemplate\":\"https:\\\/\\\/skischuleschlosskopflech.at\\\/?s={search_term_string}\"},\"query-input\":{\"@type\":\"PropertyValueSpecification\",\"valueRequired\":true,\"valueName\":\"search_term_string\"}}],\"inLanguage\":\"de\"},{\"@type\":\"Organization\",\"@id\":\"https:\\\/\\\/skischuleschlosskopflech.at\\\/#organization\",\"name\":\"Skischule Schlosskopf Lech\",\"url\":\"https:\\\/\\\/skischuleschlosskopflech.at\\\/\",\"logo\":{\"@type\":\"ImageObject\",\"inLanguage\":\"de\",\"@id\":\"https:\\\/\\\/skischuleschlosskopflech.at\\\/#\\\/schema\\\/logo\\\/image\\\/\",\"url\":\"https:\\\/\\\/skischuleschlosskopflech.at\\\/wp-content\\\/uploads\\\/2024\\\/10\\\/SkischuleSchlosskopfLech_02-PrimaryLogoHorizontal_04-Black_PNG.png\",\"contentUrl\":\"https:\\\/\\\/skischuleschlosskopflech.at\\\/wp-content\\\/uploads\\\/2024\\\/10\\\/SkischuleSchlosskopfLech_02-PrimaryLogoHorizontal_04-Black_PNG.png\",\"width\":8001,\"height\":3610,\"caption\":\"Skischule Schlosskopf Lech\"},\"image\":{\"@id\":\"https:\\\/\\\/skischuleschlosskopflech.at\\\/#\\\/schema\\\/logo\\\/image\\\/\"},\"sameAs\":[\"https:\\\/\\\/www.instagram.com\\\/skischuleschlosskopflech\"]}]}<\/script>\n<!-- \/ Yoast SEO plugin. -->","yoast_head_json":{"title":"Contact - Skischule Schlosskopf Lech","robots":{"index":"index","follow":"follow","max-snippet":"max-snippet:-1","max-image-preview":"max-image-preview:large","max-video-preview":"max-video-preview:-1"},"canonical":"https:\/\/skischuleschlosskopflech.at\/de\/contact\/","og_locale":"de_DE","og_type":"article","og_title":"Contact - Skischule Schlosskopf Lech","og_description":"Contact Us For bookings and enquiries, please call us or write to us. Contact Us Reach out to Skischule Schlosskopf Lech to plan your ski holiday. Our team is ready to assist you with all your needs, ensuring a seamless and unforgettable winter experience in the Arlberg region. Whether you have questions, need assistance with ...","og_url":"https:\/\/skischuleschlosskopflech.at\/de\/contact\/","og_site_name":"Skischule Schlosskopf Lech","article_modified_time":"2024-10-18T10:56:34+00:00","twitter_card":"summary_large_image","twitter_misc":{"Gesch\u00e4tzte Lesezeit":"1\u00a0Minute"},"schema":{"@context":"https:\/\/schema.org","@graph":[{"@type":"WebPage","@id":"https:\/\/skischuleschlosskopflech.at\/contact\/","url":"https:\/\/skischuleschlosskopflech.at\/contact\/","name":"Contact - Skischule Schlosskopf Lech","isPartOf":{"@id":"https:\/\/skischuleschlosskopflech.at\/#website"},"datePublished":"2023-04-24T04:44:41+00:00","dateModified":"2024-10-18T10:56:34+00:00","breadcrumb":{"@id":"https:\/\/skischuleschlosskopflech.at\/contact\/#breadcrumb"},"inLanguage":"de","potentialAction":[{"@type":"ReadAction","target":["https:\/\/skischuleschlosskopflech.at\/contact\/"]}]},{"@type":"BreadcrumbList","@id":"https:\/\/skischuleschlosskopflech.at\/contact\/#breadcrumb","itemListElement":[{"@type":"ListItem","position":1,"name":"Home","item":"https:\/\/skischuleschlosskopflech.at\/"},{"@type":"ListItem","position":2,"name":"Contact"}]},{"@type":"WebSite","@id":"https:\/\/skischuleschlosskopflech.at\/#website","url":"https:\/\/skischuleschlosskopflech.at\/","name":"Skischule Schlosskopf Lech","description":"","publisher":{"@id":"https:\/\/skischuleschlosskopflech.at\/#organization"},"potentialAction":[{"@type":"SearchAction","target":{"@type":"EntryPoint","urlTemplate":"https:\/\/skischuleschlosskopflech.at\/?s={search_term_string}"},"query-input":{"@type":"PropertyValueSpecification","valueRequired":true,"valueName":"search_term_string"}}],"inLanguage":"de"},{"@type":"Organization","@id":"https:\/\/skischuleschlosskopflech.at\/#organization","name":"Skischule Schlosskopf Lech","url":"https:\/\/skischuleschlosskopflech.at\/","logo":{"@type":"ImageObject","inLanguage":"de","@id":"https:\/\/skischuleschlosskopflech.at\/#\/schema\/logo\/image\/","url":"https:\/\/skischuleschlosskopflech.at\/wp-content\/uploads\/2024\/10\/SkischuleSchlosskopfLech_02-PrimaryLogoHorizontal_04-Black_PNG.png","contentUrl":"https:\/\/skischuleschlosskopflech.at\/wp-content\/uploads\/2024\/10\/SkischuleSchlosskopfLech_02-PrimaryLogoHorizontal_04-Black_PNG.png","width":8001,"height":3610,"caption":"Skischule Schlosskopf Lech"},"image":{"@id":"https:\/\/skischuleschlosskopflech.at\/#\/schema\/logo\/image\/"},"sameAs":["https:\/\/www.instagram.com\/skischuleschlosskopflech"]}]}},"_links":{"self":[{"href":"https:\/\/skischuleschlosskopflech.at\/de\/wp-json\/wp\/v2\/pages\/2512","targetHints":{"allow":["GET"]}}],"collection":[{"href":"https:\/\/skischuleschlosskopflech.at\/de\/wp-json\/wp\/v2\/pages"}],"about":[{"href":"https:\/\/skischuleschlosskopflech.at\/de\/wp-json\/wp\/v2\/types\/page"}],"author":[{"embeddable":true,"href":"https:\/\/skischuleschlosskopflech.at\/de\/wp-json\/wp\/v2\/users\/1"}],"replies":[{"embeddable":true,"href":"https:\/\/skischuleschlosskopflech.at\/de\/wp-json\/wp\/v2\/comments?post=2512"}],"version-history":[{"count":27,"href":"https:\/\/skischuleschlosskopflech.at\/de\/wp-json\/wp\/v2\/pages\/2512\/revisions"}],"predecessor-version":[{"id":3508,"href":"https:\/\/skischuleschlosskopflech.at\/de\/wp-json\/wp\/v2\/pages\/2512\/revisions\/3508"}],"wp:attachment":[{"href":"https:\/\/skischuleschlosskopflech.at\/de\/wp-json\/wp\/v2\/media?parent=2512"}],"curies":[{"name":"wp","href":"https:\/\/api.w.org\/{rel}","templated":true}]}}